{"id":13,"date":"2019-02-15T22:45:03","date_gmt":"2019-02-15T22:45:03","guid":{"rendered":"https:\/\/procontrol.mx\/?page_id=13"},"modified":"2022-12-01T22:41:50","modified_gmt":"2022-12-01T22:41:50","slug":"inicio","status":"publish","type":"page","link":"https:\/\/procontrol.mx\/","title":{"rendered":"Inicio"},"content":{"rendered":"[vc_row fullwidth=\u00bbtrue\u00bb id=\u00bbinicio\u00bb][vc_column][rev_slider_vc alias=\u00bbprincipal\u00bb][\/vc_column][\/vc_row][vc_row id=\u00bbnosotros\u00bb][vc_column][vc_custom_heading text=\u00bbQUIENES SOMOS\u00bb font_container=\u00bbtag:h2|font_size:30|text_align:left|color:%23293b8e\u00bb google_fonts=\u00bbfont_family:Roboto%3A100%2C100italic%2C300%2C300italic%2Cregular%2Citalic%2C500%2C500italic%2C700%2C700italic%2C900%2C900italic|font_style:900%20bold%20italic%3A900%3Aitalic\u00bb][vc_separator color=\u00bbcustom\u00bb align=\u00bbalign_left\u00bb border_width=\u00bb5&#8243; el_width=\u00bb10&#8243; accent_color=\u00bb#eb212e\u00bb css=\u00bb.vc_custom_1550273066554{margin-top: -20px !important;}\u00bb][vc_row_inner][vc_column_inner width=\u00bb2\/3&#8243;][vc_column_text css=\u00bb.vc_custom_1550273120453{margin-bottom: 0px !important;}\u00bb]Somos una empresa dedicada al dise\u00f1o y construcci\u00f3n de proyectos el\u00e9ctricos.<br \/>\nEstamos comprometidos con la sociedad a cumplir con los mayores est\u00e1ndares de calidad que nuestros clientes merecen.<br \/>\nSomos fabricantes de centros de control de motores y automatizaci\u00f3n industrial.<br \/>\nIniciamos operaciones desde el a\u00f1o de 1995, brindando experiencia en el servicio el\u00e9ctrico industrial.<br \/>\nActualmente estamos presentes en M\u00e9xico y Estados Unidos.[\/vc_column_text][\/vc_column_inner][vc_column_inner width=\u00bb1\/3&#8243; css=\u00bb.vc_custom_1557891996385{padding-bottom: 40px !important;}\u00bb][vc_video host=\u00bbself_hosted\u00bb mp4=\u00bbhttps:\/\/procontrol.mx\/wp-content\/uploads\/2021\/03\/www.procontrol.mx_.mp4&#8243; custom_thumbnail=\u00bbtrue\u00bb play_icon=\u00bbmk-moon-play\u00bb play_icon_size=\u00bb256&#8243; play_icon_animation=\u00bbscale-up\u00bb thumbnail_image=\u00bb101&#8243;][\/vc_column_inner][\/vc_row_inner][\/vc_column][\/vc_row][vc_row fullwidth=\u00bbtrue\u00bb fullwidth_content=\u00bbfalse\u00bb css=\u00bb.vc_custom_1669934499291{padding-top: 30px !important;padding-bottom: 30px !important;background-color: #293b8e !important;}\u00bb id=\u00bbservicios\u00bb][vc_column][vc_custom_heading text=\u00bbSERVICIOS QUE OFRECEMOS\u00bb font_container=\u00bbtag:h2|font_size:30|text_align:center|color:%23ffffff\u00bb google_fonts=\u00bbfont_family:Roboto%3A100%2C100italic%2C300%2C300italic%2Cregular%2Citalic%2C500%2C500italic%2C700%2C700italic%2C900%2C900italic|font_style:900%20bold%20italic%3A900%3Aitalic\u00bb css=\u00bb.vc_custom_1550535234020{margin-top: 30px !important;}\u00bb][vc_separator color=\u00bbcustom\u00bb border_width=\u00bb5&#8243; el_width=\u00bb10&#8243; accent_color=\u00bb#eaeaea\u00bb css=\u00bb.vc_custom_1550535255705{margin-top: -10px !important;}\u00bb][vc_row_inner][vc_column_inner width=\u00bb1\/5&#8243;][vc_single_image image=\u00bb23&#8243; img_size=\u00bbfull\u00bb style=\u00bbvc_box_border_circle_2&#8243; border_color=\u00bbjuicy_pink\u00bb][vc_custom_heading text=\u00bbInstalaciones el\u00e9ctricas\u00bb font_container=\u00bbtag:h2|font_size:15|text_align:center|color:%23ffffff\u00bb google_fonts=\u00bbfont_family:Roboto%3A100%2C100italic%2C300%2C300italic%2Cregular%2Citalic%2C500%2C500italic%2C700%2C700italic%2C900%2C900italic|font_style:700%20bold%20italic%3A700%3Aitalic\u00bb][\/vc_column_inner][vc_column_inner width=\u00bb1\/5&#8243;][vc_single_image image=\u00bb24&#8243; img_size=\u00bbfull\u00bb style=\u00bbvc_box_border_circle_2&#8243; border_color=\u00bbjuicy_pink\u00bb][vc_custom_heading text=\u00bbTableros de control\u00bb font_container=\u00bbtag:h2|font_size:15|text_align:center|color:%23ffffff\u00bb google_fonts=\u00bbfont_family:Roboto%3A100%2C100italic%2C300%2C300italic%2Cregular%2Citalic%2C500%2C500italic%2C700%2C700italic%2C900%2C900italic|font_style:700%20bold%20italic%3A700%3Aitalic\u00bb][\/vc_column_inner][vc_column_inner width=\u00bb1\/5&#8243;][vc_single_image image=\u00bb25&#8243; img_size=\u00bbfull\u00bb style=\u00bbvc_box_border_circle_2&#8243; border_color=\u00bbjuicy_pink\u00bb][vc_custom_heading text=\u00bbAutomatizaci\u00f3n de procesos\u00bb font_container=\u00bbtag:h2|font_size:15|text_align:center|color:%23ffffff\u00bb google_fonts=\u00bbfont_family:Roboto%3A100%2C100italic%2C300%2C300italic%2Cregular%2Citalic%2C500%2C500italic%2C700%2C700italic%2C900%2C900italic|font_style:700%20bold%20italic%3A700%3Aitalic\u00bb][\/vc_column_inner][vc_column_inner width=\u00bb1\/5&#8243;][vc_single_image image=\u00bb42&#8243; img_size=\u00bbfull\u00bb style=\u00bbvc_box_border_circle_2&#8243; border_color=\u00bbjuicy_pink\u00bb][vc_custom_heading text=\u00bbDistribuci\u00f3n de energ\u00eda el\u00e9ctrica de media y baja tensi\u00f3n\u00bb font_container=\u00bbtag:h2|font_size:15|text_align:center|color:%23ffffff\u00bb google_fonts=\u00bbfont_family:Roboto%3A100%2C100italic%2C300%2C300italic%2Cregular%2Citalic%2C500%2C500italic%2C700%2C700italic%2C900%2C900italic|font_style:700%20bold%20italic%3A700%3Aitalic\u00bb][\/vc_column_inner][vc_column_inner width=\u00bb1\/5&#8243;][vc_single_image image=\u00bb27&#8243; img_size=\u00bbfull\u00bb style=\u00bbvc_box_border_circle_2&#8243; border_color=\u00bbjuicy_pink\u00bb][vc_custom_heading text=\u00bbConstrucci\u00f3n de alumbrado publico\u00bb font_container=\u00bbtag:h2|font_size:15|text_align:center|color:%23ffffff\u00bb google_fonts=\u00bbfont_family:Roboto%3A100%2C100italic%2C300%2C300italic%2Cregular%2Citalic%2C500%2C500italic%2C700%2C700italic%2C900%2C900italic|font_style:700%20bold%20italic%3A700%3Aitalic\u00bb][\/vc_column_inner][\/vc_row_inner][\/vc_column][\/vc_row][vc_row fullwidth=\u00bbtrue\u00bb fullwidth_content=\u00bbfalse\u00bb css=\u00bb.vc_custom_1669934490757{padding-top: 30px !important;padding-bottom: 30px !important;background-color: #eb212e !important;}\u00bb id=\u00bbmisionvision\u00bb][vc_column][vc_row_inner][vc_column_inner width=\u00bb1\/2&#8243;][vc_custom_heading text=\u00bbMISI\u00d3N\u00bb font_container=\u00bbtag:h2|font_size:30|text_align:left|color:%23ffffff\u00bb google_fonts=\u00bbfont_family:Roboto%3A100%2C100italic%2C300%2C300italic%2Cregular%2Citalic%2C500%2C500italic%2C700%2C700italic%2C900%2C900italic|font_style:900%20bold%20italic%3A900%3Aitalic\u00bb][vc_separator color=\u00bbcustom\u00bb align=\u00bbalign_left\u00bb border_width=\u00bb5&#8243; el_width=\u00bb10&#8243; accent_color=\u00bb#eaeaea\u00bb css=\u00bb.vc_custom_1550276114652{margin-top: -20px !important;}\u00bb][vc_column_text css=\u00bb.vc_custom_1550276677567{margin-bottom: 0px !important;}\u00bb]<span style=\"color: #ffffff;\">Entregar un servicio integral a nuestros clientes, mejorando continuamente y comprometi\u00e9ndonos a brindar soporte para contribuir al crecimiento industrial. <\/span><\/p>\n<p><span style=\"color: #ffffff;\">Consolidar una positiva relaci\u00f3n con nuestros grupos de inter\u00e9s, basada en la confianza, lealtad, respeto y transparencia, comprometidos con una alta calidad de servicio y Responsabilidad Social Empresarial.<\/span>[\/vc_column_text][\/vc_column_inner][vc_column_inner width=\u00bb1\/2&#8243;][vc_custom_heading text=\u00bbVISI\u00d3N\u00bb font_container=\u00bbtag:h2|font_size:30|text_align:right|color:%23ffffff\u00bb google_fonts=\u00bbfont_family:Roboto%3A100%2C100italic%2C300%2C300italic%2Cregular%2Citalic%2C500%2C500italic%2C700%2C700italic%2C900%2C900italic|font_style:900%20bold%20italic%3A900%3Aitalic\u00bb][vc_separator color=\u00bbcustom\u00bb align=\u00bbalign_right\u00bb border_width=\u00bb5&#8243; el_width=\u00bb10&#8243; accent_color=\u00bb#eaeaea\u00bb css=\u00bb.vc_custom_1550276279779{margin-top: -20px !important;}\u00bb][vc_column_text css=\u00bb.vc_custom_1550276723221{margin-bottom: 0px !important;}\u00bb]<span style=\"color: #ffffff;\">Consolidarnos como una empresa reconocida por la excelencia de nuestros productos y servicios, as\u00ed como por la constante b\u00fasqueda de la innovaci\u00f3n y capacitaci\u00f3n continua a nuestro capital humano para el beneficio de nuestros clientes.<\/span>[\/vc_column_text][\/vc_column_inner][\/vc_row_inner][\/vc_column][\/vc_row][vc_row][vc_column][vc_custom_heading text=\u00bbCONTACTO\u00bb font_container=\u00bbtag:h2|font_size:30|text_align:center|color:%23293b8e\u00bb google_fonts=\u00bbfont_family:Roboto%3A100%2C100italic%2C300%2C300italic%2Cregular%2Citalic%2C500%2C500italic%2C700%2C700italic%2C900%2C900italic|font_style:900%20bold%20italic%3A900%3Aitalic\u00bb css=\u00bb.vc_custom_1550535345867{margin-top: 20px !important;}\u00bb][vc_separator color=\u00bbcustom\u00bb border_width=\u00bb5&#8243; el_width=\u00bb10&#8243; accent_color=\u00bb#dd0000&#8243; css=\u00bb.vc_custom_1550535359390{margin-top: -20px !important;}\u00bb][\/vc_column][\/vc_row][vc_row id=\u00bbcontacto\u00bb][vc_column width=\u00bb1\/2&#8243;][vc_row_inner][vc_column_inner width=\u00bb1\/2&#8243;][vc_icon icon_fontawesome=\u00bbfa fa-map-marker\u00bb background_style=\u00bbrounded-outline\u00bb background_color=\u00bbjuicy_pink\u00bb size=\u00bbxl\u00bb align=\u00bbcenter\u00bb][vc_custom_heading text=\u00bbC. Arturo llamas #1108<br \/>\nFracc. Nuevo Milenio C.P. 31544&#8243; font_container=\u00bbtag:h2|font_size:15|text_align:center|color:%23dd3333&#8243; google_fonts=\u00bbfont_family:Roboto%3A100%2C100italic%2C300%2C300italic%2Cregular%2Citalic%2C500%2C500italic%2C700%2C700italic%2C900%2C900italic|font_style:400%20regular%3A400%3Anormal\u00bb][vc_icon icon_fontawesome=\u00bbfa fa-envelope\u00bb background_style=\u00bbrounded-outline\u00bb background_color=\u00bbjuicy_pink\u00bb size=\u00bbxl\u00bb align=\u00bbcenter\u00bb][vc_custom_heading text=\u00bbprocontroling@hotmail.com\u00bb font_container=\u00bbtag:h2|font_size:15|text_align:center|color:%23dd3333&#8243; google_fonts=\u00bbfont_family:Roboto%3A100%2C100italic%2C300%2C300italic%2Cregular%2Citalic%2C500%2C500italic%2C700%2C700italic%2C900%2C900italic|font_style:400%20regular%3A400%3Anormal\u00bb][\/vc_column_inner][vc_column_inner width=\u00bb1\/2&#8243;][vc_icon icon_fontawesome=\u00bbfa fa-phone\u00bb background_style=\u00bbrounded-outline\u00bb background_color=\u00bbjuicy_pink\u00bb size=\u00bbxl\u00bb align=\u00bbcenter\u00bb][vc_custom_heading text=\u00bbCelular: 6251154978<br \/>\nCelular: 6251188331<br \/>\nOficina: 6251121074&#8243; font_container=\u00bbtag:h2|font_size:15|text_align:center|color:%23dd3333&#8243; google_fonts=\u00bbfont_family:Roboto%3A100%2C100italic%2C300%2C300italic%2Cregular%2Citalic%2C500%2C500italic%2C700%2C700italic%2C900%2C900italic|font_style:400%20regular%3A400%3Anormal\u00bb][\/vc_column_inner][\/vc_row_inner][\/vc_column][vc_column width=\u00bb1\/2&#8243;][mk_contact_form phone=\u00bbtrue\u00bb captcha=\u00bbfalse\u00bb][\/vc_column][\/vc_row]\n","protected":false},"excerpt":{"rendered":"<p>[vc_row fullwidth=\u00bbtrue\u00bb id=\u00bbinicio\u00bb][vc_column][rev_slider_vc alias=\u00bbprincipal\u00bb][\/vc_column][\/vc_row][vc_row id=\u00bbnosotros\u00bb][vc_column][vc_custom_heading text=\u00bbQUIENES SOMOS\u00bb font_container=\u00bbtag:h2|font_size:30|text_align:left|color:%23293b8e\u00bb google_fonts=\u00bbfont_family:Roboto%3A100%2C100italic%2C300%2C300italic%2Cregular%2Citalic%2C500%2C500italic%2C700%2C700italic%2C900%2C900italic|font_style:900%20bold%20italic%3A900%3Aitalic\u00bb][vc_separator color=\u00bbcustom\u00bb align=\u00bbalign_left\u00bb border_width=\u00bb5&#8243; el_width=\u00bb10&#8243; accent_color=\u00bb#eb212e\u00bb css=\u00bb.vc_custom_1550273066554{margin-top: -20px !important;}\u00bb][vc_row_inner][vc_column_inner width=\u00bb2\/3&#8243;][vc_column_text css=\u00bb.vc_custom_1550273120453{margin-bottom: 0px !important;}\u00bb]Somos una empresa dedicada al dise\u00f1o y construcci\u00f3n de proyectos el\u00e9ctricos. Estamos comprometidos con la sociedad a cumplir con los mayores est\u00e1ndares de calidad que nuestros clientes merecen. Somos fabricantes de centros de control de [&hellip;]<\/p>\n","protected":false},"author":1,"featured_media":0,"parent":0,"menu_order":0,"comment_status":"closed","ping_status":"open","template":"","meta":[],"_links":{"self":[{"href":"https:\/\/procontrol.mx\/index.php\/wp-json\/wp\/v2\/pages\/13"}],"collection":[{"href":"https:\/\/procontrol.mx\/index.php\/wp-json\/wp\/v2\/pages"}],"about":[{"href":"https:\/\/procontrol.mx\/index.php\/wp-json\/wp\/v2\/types\/page"}],"author":[{"embeddable":true,"href":"https:\/\/procontrol.mx\/index.php\/wp-json\/wp\/v2\/users\/1"}],"replies":[{"embeddable":true,"href":"https:\/\/procontrol.mx\/index.php\/wp-json\/wp\/v2\/comments?post=13"}],"version-history":[{"count":29,"href":"https:\/\/procontrol.mx\/index.php\/wp-json\/wp\/v2\/pages\/13\/revisions"}],"predecessor-version":[{"id":907,"href":"https:\/\/procontrol.mx\/index.php\/wp-json\/wp\/v2\/pages\/13\/revisions\/907"}],"wp:attachment":[{"href":"https:\/\/procontrol.mx\/index.php\/wp-json\/wp\/v2\/media?parent=13"}],"curies":[{"name":"wp","href":"https:\/\/api.w.org\/{rel}","templated":true}]}}